{"id":1055,"date":"2024-02-09T00:59:26","date_gmt":"2024-02-09T00:59:26","guid":{"rendered":"https:\/\/zahra.at\/?page_id=1055"},"modified":"2024-02-09T00:59:26","modified_gmt":"2024-02-09T00:59:26","slug":"%d8%aa%d9%88%d8%a7%d8%b5%d9%84-%d9%85%d8%b9%d9%86%d8%a7","status":"publish","type":"page","link":"https:\/\/zahra.at\/de\/%d8%aa%d9%88%d8%a7%d8%b5%d9%84-%d9%85%d8%b9%d9%86%d8%a7\/","title":{"rendered":"Kontaktieren Sie uns"},"content":{"rendered":"<h3><span class=\"HwtZe\" lang=\"ar\"><span class=\"jCAhz ChMk0b\"><span class=\"ryNqvb\">Kontaktinformationen<\/span><\/span><\/span><\/h3>\n<p>Wir freuen uns \u00fcber Ihr Interesse und freuen uns auf Ihre Meinungen und Anregungen. Wenn Sie Fragen haben oder uns eine Idee mitteilen m\u00f6chten, f\u00fcllen Sie bitte das Formular aus.<\/p>\n<p>Wir sind stets bestrebt, unsere Dienstleistungen zu verbessern und Ihren Bed\u00fcrfnissen gerecht zu werden. Sie k\u00f6nnen uns auch per E-Mail oder \u00fcber die unten aufgef\u00fchrten sozialen Medien kontaktieren.<\/p>\n<p>Wir danken Ihnen f\u00fcr Ihre Kommunikation und Ihr Vertrauen in uns und werden hart daran arbeiten, Ihnen so schnell wie m\u00f6glich zu antworten.<\/p>","protected":false},"excerpt":{"rendered":"<p>\u0645\u0639\u0644\u0648\u0645\u0627\u062a \u0627\u0644\u0627\u062a\u0635\u0627\u0644 \u0646\u062d\u0646 \u0646\u0642\u062f\u0631 \u0627\u0647\u062a\u0645\u0627\u0645\u0643 \u0648\u0646\u062a\u0637\u0644\u0639 \u0625\u0644\u0649 \u0633\u0645\u0627\u0639 \u0622\u0631\u0627\u0626\u0643 \u0648\u0627\u0642\u062a\u0631\u0627\u062d\u0627\u062a\u0643. \u0625\u0630\u0627 \u0643\u0627\u0646 \u0644\u062f\u064a\u0643 \u0623\u064a \u0627\u0633\u062a\u0641\u0633\u0627\u0631 \u0623\u0648 \u062a\u0648\u062f \u0645\u0634\u0627\u0631\u0643\u062a\u0646\u0627 \u0641\u0643\u0631\u0629\u060c \u064a\u0631\u062c\u0649 \u0645\u0644\u0621 \u0627\u0644\u0646\u0645\u0648\u0630\u062c. \u0646\u062d\u0646 \u0646\u0633\u0639\u0649 \u062f\u0627\u0626\u0645\u064b\u0627 \u0644\u062a\u062d\u0633\u064a\u0646 \u062e\u062f\u0645\u0627\u062a\u0646\u0627 \u0648\u062a\u0644\u0628\u064a\u0629 \u0627\u062d\u062a\u064a\u0627\u062c\u0627\u062a\u0643. \u064a\u0645\u0643\u0646\u0643 \u0623\u064a\u0636\u064b\u0627 \u0627\u0644\u0627\u062a\u0635\u0627\u0644 \u0628\u0646\u0627 \u0639\u0628\u0631 \u0627\u0644\u0628\u0631\u064a\u062f \u0627\u0644\u0625\u0644\u0643\u062a\u0631\u0648\u0646\u064a \u0623\u0648 \u0648\u0633\u0627\u0626\u0644 \u0627\u0644\u062a\u0648\u0627\u0635\u0644 \u0627\u0644\u0627\u062c\u062a\u0645\u0627\u0639\u064a \u0627\u0644\u0645\u062f\u0631\u062c\u0629 \u0623\u062f\u0646\u0627\u0647. \u0646\u0634\u0643\u0631 \u0644\u0643 \u062a\u0648\u0627\u0635\u0644\u0643 \u0648\u062b\u0642\u062a\u0643 \u0641\u064a\u0646\u0627\u060c \u0648\u0633\u0646\u0639\u0645\u0644 \u062c\u0627\u0647\u062f\u064a\u0646 \u0644\u0644\u0631\u062f \u0639\u0644\u064a\u0643 \u0641\u064a \u0623\u0642\u0631\u0628 \u0648\u0642\u062a \u0645\u0645\u0643\u0646.<\/p>","protected":false},"author":1,"featured_media":0,"parent":0,"menu_order":0,"comment_status":"closed","ping_status":"closed","template":"","meta":{"_acf_changed":false,"inline_featured_image":false,"footnotes":""},"class_list":["post-1055","page","type-page","status-publish","hentry"],"acf":[],"_links":{"self":[{"href":"https:\/\/zahra.at\/de\/wp-json\/wp\/v2\/pages\/1055"}],"collection":[{"href":"https:\/\/zahra.at\/de\/wp-json\/wp\/v2\/pages"}],"about":[{"href":"https:\/\/zahra.at\/de\/wp-json\/wp\/v2\/types\/page"}],"author":[{"embeddable":true,"href":"https:\/\/zahra.at\/de\/wp-json\/wp\/v2\/users\/1"}],"replies":[{"embeddable":true,"href":"https:\/\/zahra.at\/de\/wp-json\/wp\/v2\/comments?post=1055"}],"version-history":[{"count":1,"href":"https:\/\/zahra.at\/de\/wp-json\/wp\/v2\/pages\/1055\/revisions"}],"predecessor-version":[{"id":1058,"href":"https:\/\/zahra.at\/de\/wp-json\/wp\/v2\/pages\/1055\/revisions\/1058"}],"wp:attachment":[{"href":"https:\/\/zahra.at\/de\/wp-json\/wp\/v2\/media?parent=1055"}],"curies":[{"name":"wp","href":"https:\/\/api.w.org\/{rel}","templated":true}]}}